{"id":20,"date":"2010-10-12T09:04:33","date_gmt":"2010-10-12T09:04:33","guid":{"rendered":"http:\/\/www.ymmyusufyavuz.com\/?page_id=20"},"modified":"2010-10-12T09:04:33","modified_gmt":"2010-10-12T09:04:33","slug":"gunluk-doviz-kurlari","status":"publish","type":"page","link":"https:\/\/www.kozaanaliz.com\/?page_id=20","title":{"rendered":"G\u00fcnl\u00fck D\u00f6viz Kurlar\u0131"},"content":{"rendered":"<p><iframe loading=\"lazy\" name=\"iframe\" src=\"http:\/\/www.tcmb.gov.tr\/kurlar\/today.html\" width=\"550\" height=\"885\" marginwidth=\"1\" marginheight=\"1\" scrolling=\"yes\" align=\"absmiddle\" border=\"0\" frameborder=\"0\"><\/iframe><\/p>\n","protected":false},"excerpt":{"rendered":"","protected":false},"author":1,"featured_media":0,"parent":0,"menu_order":0,"comment_status":"closed","ping_status":"closed","template":"","meta":{"footnotes":""},"class_list":["post-20","page","type-page","status-publish","hentry"],"_links":{"self":[{"href":"https:\/\/www.kozaanaliz.com\/index.php?rest_route=\/wp\/v2\/pages\/20","targetHints":{"allow":["GET"]}}],"collection":[{"href":"https:\/\/www.kozaanaliz.com\/index.php?rest_route=\/wp\/v2\/pages"}],"about":[{"href":"https:\/\/www.kozaanaliz.com\/index.php?rest_route=\/wp\/v2\/types\/page"}],"author":[{"embeddable":true,"href":"https:\/\/www.kozaanaliz.com\/index.php?rest_route=\/wp\/v2\/users\/1"}],"replies":[{"embeddable":true,"href":"https:\/\/www.kozaanaliz.com\/index.php?rest_route=%2Fwp%2Fv2%2Fcomments&post=20"}],"version-history":[{"count":0,"href":"https:\/\/www.kozaanaliz.com\/index.php?rest_route=\/wp\/v2\/pages\/20\/revisions"}],"wp:attachment":[{"href":"https:\/\/www.kozaanaliz.com\/index.php?rest_route=%2Fwp%2Fv2%2Fmedia&parent=20"}],"curies":[{"name":"wp","href":"https:\/\/api.w.org\/{rel}","templated":true}]}}