{"id":22,"date":"2010-10-12T09:04:55","date_gmt":"2010-10-12T09:04:55","guid":{"rendered":"http:\/\/www.ymmyusufyavuz.com\/?page_id=22"},"modified":"2014-09-18T15:39:50","modified_gmt":"2014-09-18T12:39:50","slug":"hakkimda","status":"publish","type":"page","link":"https:\/\/www.kozaanaliz.com\/?page_id=22","title":{"rendered":"Hakk\u0131m\u0131zda"},"content":{"rendered":"<div id=\"attachment_648\" style=\"width: 132px\" class=\"wp-caption alignleft\"><a href=\"http:\/\/www.kozaanaliz.com\/wp-content\/uploads\/2010\/10\/asdasd.jpg\"><img loading=\"lazy\" decoding=\"async\" aria-describedby=\"caption-attachment-648\" class=\" wp-image-648\" src=\"http:\/\/www.kozaanaliz.com\/wp-content\/uploads\/2010\/10\/asdasd-248x300.jpg\" alt=\"Erc\u00fcment Erol\" width=\"122\" height=\"147\" srcset=\"https:\/\/www.kozaanaliz.com\/wp-content\/uploads\/2010\/10\/asdasd-248x300.jpg 248w, https:\/\/www.kozaanaliz.com\/wp-content\/uploads\/2010\/10\/asdasd.jpg 271w\" sizes=\"auto, (max-width: 122px) 100vw, 122px\" \/><\/a><p id=\"caption-attachment-648\" class=\"wp-caption-text\">Erc\u00fcment EROL<\/p><\/div>\n<p>1977 do\u011fumlu olan Erc\u00fcment EROL, Anadolu \u00dcniversitesi \u0130\u015fletme Fak\u00fcltesi \u0130\u015fletme b\u00f6l\u00fcm\u00fcnde Lisans E\u011fitimini tamamlad\u0131. 2011 y\u0131l\u0131nda ALES s\u0131nav\u0131nda ba\u015far\u0131l\u0131 olarak, Okan \u00dcniversitesi Sosyal Bilimler Enstit\u00fcs\u00fc Muhasebe ve Denetim b\u00f6l\u00fcm\u00fcnde Y\u00fcksek Lisans yapmaya hak kazanm\u0131\u015ft\u0131r.<\/p>\n<p>15 y\u0131ll\u0131k Muhasebe uygulamalar\u0131 deneyimine sahip olan Erc\u00fcment EROL, 2013 y\u0131l\u0131nda Serbest Muhasebeci Mali M\u00fc\u015favir unvan\u0131n\u0131 almaya hak kazand\u0131.01.01.2014 tarihinden itibaren aktif olarak Pendik, \u0130stanbul\u2018da Mali M\u00fc\u015favirlik yapmaktad\u0131r.<\/p>\n<p>Bir\u00e7ok firman\u0131n Kurulu\u015f, Tasfiye, Genel Kurul vb. i\u015flemlerini tamamlam\u0131\u015f, Muhasebe s\u00fcre\u00e7lerinde aktif g\u00f6rev alm\u0131\u015ft\u0131r.<\/p>\n<p>Y\u00fcksek Lisans e\u011fitimini tamamlam\u0131\u015f olan Erc\u00fcment EROL, uzmanl\u0131\u011f\u0131n\u0131 Finansal Raporlama ve Denetim alan\u0131nda yapm\u0131\u015ft\u0131r, firmalara Muhasebe ve Denetim hizmeti vermektedir.<\/p>\n","protected":false},"excerpt":{"rendered":"<p>1977 do\u011fumlu olan Erc\u00fcment EROL, Anadolu \u00dcniversitesi \u0130\u015fletme Fak\u00fcltesi \u0130\u015fletme b\u00f6l\u00fcm\u00fcnde Lisans E\u011fitimini tamamlad\u0131. 2011 y\u0131l\u0131nda ALES s\u0131nav\u0131nda ba\u015far\u0131l\u0131 olarak, Okan \u00dcniversitesi Sosyal Bilimler Enstit\u00fcs\u00fc Muhasebe ve Denetim b\u00f6l\u00fcm\u00fcnde Y\u00fcksek Lisans yapmaya hak kazanm\u0131\u015ft\u0131r. 15 y\u0131ll\u0131k Muhasebe uygulamalar\u0131 deneyimine sahip olan Erc\u00fcment EROL, 2013 y\u0131l\u0131nda Serbest Muhasebeci Mali M\u00fc\u015favir unvan\u0131n\u0131 almaya hak kazand\u0131.01.01.2014 tarihinden itibaren [&hellip;]<\/p>\n","protected":false},"author":1,"featured_media":0,"parent":0,"menu_order":0,"comment_status":"closed","ping_status":"closed","template":"","meta":{"footnotes":""},"class_list":["post-22","page","type-page","status-publish","hentry"],"_links":{"self":[{"href":"https:\/\/www.kozaanaliz.com\/index.php?rest_route=\/wp\/v2\/pages\/22","targetHints":{"allow":["GET"]}}],"collection":[{"href":"https:\/\/www.kozaanaliz.com\/index.php?rest_route=\/wp\/v2\/pages"}],"about":[{"href":"https:\/\/www.kozaanaliz.com\/index.php?rest_route=\/wp\/v2\/types\/page"}],"author":[{"embeddable":true,"href":"https:\/\/www.kozaanaliz.com\/index.php?rest_route=\/wp\/v2\/users\/1"}],"replies":[{"embeddable":true,"href":"https:\/\/www.kozaanaliz.com\/index.php?rest_route=%2Fwp%2Fv2%2Fcomments&post=22"}],"version-history":[{"count":4,"href":"https:\/\/www.kozaanaliz.com\/index.php?rest_route=\/wp\/v2\/pages\/22\/revisions"}],"predecessor-version":[{"id":651,"href":"https:\/\/www.kozaanaliz.com\/index.php?rest_route=\/wp\/v2\/pages\/22\/revisions\/651"}],"wp:attachment":[{"href":"https:\/\/www.kozaanaliz.com\/index.php?rest_route=%2Fwp%2Fv2%2Fmedia&parent=22"}],"curies":[{"name":"wp","href":"https:\/\/api.w.org\/{rel}","templated":true}]}}