{"id":32,"date":"2010-10-12T09:06:24","date_gmt":"2010-10-12T09:06:24","guid":{"rendered":"http:\/\/www.ymmyusufyavuz.com\/?page_id=32"},"modified":"2010-10-12T09:06:24","modified_gmt":"2010-10-12T09:06:24","slug":"iscilik-maliyetleri","status":"publish","type":"page","link":"https:\/\/www.kozaanaliz.com\/?page_id=32","title":{"rendered":"\u0130\u015f\u00e7ilik Maliyetleri"},"content":{"rendered":"<p><iframe loading=\"lazy\" name=\"iframe\" src=\"http:\/\/www.alomaliye.com\/muhasebeweb\/iscilik_maliyetleri.htm\" width=\"548\" height=\"885\" marginwidth=\"1\" marginheight=\"1\" scrolling=\"no\" align=\"absmiddle\" border=\"0\" frameborder=\"0\"><\/iframe><\/p>\n","protected":false},"excerpt":{"rendered":"","protected":false},"author":1,"featured_media":0,"parent":0,"menu_order":0,"comment_status":"closed","ping_status":"closed","template":"","meta":{"footnotes":""},"class_list":["post-32","page","type-page","status-publish","hentry"],"_links":{"self":[{"href":"https:\/\/www.kozaanaliz.com\/index.php?rest_route=\/wp\/v2\/pages\/32","targetHints":{"allow":["GET"]}}],"collection":[{"href":"https:\/\/www.kozaanaliz.com\/index.php?rest_route=\/wp\/v2\/pages"}],"about":[{"href":"https:\/\/www.kozaanaliz.com\/index.php?rest_route=\/wp\/v2\/types\/page"}],"author":[{"embeddable":true,"href":"https:\/\/www.kozaanaliz.com\/index.php?rest_route=\/wp\/v2\/users\/1"}],"replies":[{"embeddable":true,"href":"https:\/\/www.kozaanaliz.com\/index.php?rest_route=%2Fwp%2Fv2%2Fcomments&post=32"}],"version-history":[{"count":0,"href":"https:\/\/www.kozaanaliz.com\/index.php?rest_route=\/wp\/v2\/pages\/32\/revisions"}],"wp:attachment":[{"href":"https:\/\/www.kozaanaliz.com\/index.php?rest_route=%2Fwp%2Fv2%2Fmedia&parent=32"}],"curies":[{"name":"wp","href":"https:\/\/api.w.org\/{rel}","templated":true}]}}